{"id":2185,"date":"2024-04-25T10:33:50","date_gmt":"2024-04-25T08:33:50","guid":{"rendered":"https:\/\/ideaslaboratory.y-spot.fr\/?page_id=2185"},"modified":"2024-05-28T15:29:35","modified_gmt":"2024-05-28T13:29:35","slug":"on-parle-de-nous","status":"publish","type":"page","link":"https:\/\/ideaslaboratory.y-spot.fr\/?page_id=2185","title":{"rendered":"On parle de nous"},"content":{"rendered":"\t\t<div data-elementor-type=\"wp-page\" data-elementor-id=\"2185\" class=\"elementor elementor-2185\">\n\t\t\t\t\t\t\t\t\t<section class=\"elementor-section elementor-top-section elementor-element elementor-element-80282c0 elementor-section-full_width elementor-section-height-min-height elementor-section-height-default elementor-section-items-middle\" data-id=\"80282c0\" data-element_type=\"section\" data-settings=\"{&quot;background_background&quot;:&quot;classic&quot;,&quot;animation&quot;:&quot;none&quot;}\">\n\t\t\t\t\t\t<div class=\"elementor-container elementor-column-gap-default\">\n\t\t\t\t\t<div class=\"elementor-column elementor-col-100 elementor-top-column elementor-element elementor-element-c28380a\" data-id=\"c28380a\" data-element_type=\"column\">\n\t\t\t<div class=\"elementor-widget-wrap elementor-element-populated\">\n\t\t\t\t\t\t\t\t<div class=\"elementor-element elementor-element-8548cc2 elementor-widget elementor-widget-heading\" data-id=\"8548cc2\" data-element_type=\"widget\" data-widget_type=\"heading.default\">\n\t\t\t\t<div class=\"elementor-widget-container\">\n\t\t\t<style>\/*! elementor - v3.6.7 - 03-07-2022 *\/\n.elementor-heading-title{padding:0;margin:0;line-height:1}.elementor-widget-heading .elementor-heading-title[class*=elementor-size-]>a{color:inherit;font-size:inherit;line-height:inherit}.elementor-widget-heading .elementor-heading-title.elementor-size-small{font-size:15px}.elementor-widget-heading .elementor-heading-title.elementor-size-medium{font-size:19px}.elementor-widget-heading .elementor-heading-title.elementor-size-large{font-size:29px}.elementor-widget-heading .elementor-heading-title.elementor-size-xl{font-size:39px}.elementor-widget-heading .elementor-heading-title.elementor-size-xxl{font-size:59px}<\/style><h1 class=\"elementor-heading-title elementor-size-xl\">ON PARLE DE NOUS<\/h1>\t\t<\/div>\n\t\t\t\t<\/div>\n\t\t\t\t\t<\/div>\n\t\t<\/div>\n\t\t\t\t\t\t\t<\/div>\n\t\t<\/section>\n\t\t\t\t<section class=\"elementor-section elementor-top-section elementor-element elementor-element-9a9bf81 elementor-section-boxed elementor-section-height-default elementor-section-height-default\" data-id=\"9a9bf81\" data-element_type=\"section\">\n\t\t\t\t\t\t<div class=\"elementor-container elementor-column-gap-default\">\n\t\t\t\t\t<div class=\"elementor-column elementor-col-100 elementor-top-column elementor-element elementor-element-e860bcc\" data-id=\"e860bcc\" data-element_type=\"column\">\n\t\t\t<div class=\"elementor-widget-wrap elementor-element-populated\">\n\t\t\t\t\t\t\t\t<div class=\"elementor-element elementor-element-5879f25 elementor-widget elementor-widget-spacer\" data-id=\"5879f25\" data-element_type=\"widget\" data-widget_type=\"spacer.default\">\n\t\t\t\t<div class=\"elementor-widget-container\">\n\t\t\t<style>\/*! elementor - v3.6.7 - 03-07-2022 *\/\n.e-container.e-container--row .elementor-spacer-inner{width:var(--spacer-size)}.e-container.e-container--column .elementor-spacer-inner,.elementor-column .elementor-spacer-inner{height:var(--spacer-size)}<\/style>\t\t<div class=\"elementor-spacer\">\n\t\t\t<div class=\"elementor-spacer-inner\"><\/div>\n\t\t<\/div>\n\t\t\t\t<\/div>\n\t\t\t\t<\/div>\n\t\t\t\t<section class=\"elementor-section elementor-inner-section elementor-element elementor-element-2ed4893 elementor-section-boxed elementor-section-height-default elementor-section-height-default\" data-id=\"2ed4893\" data-element_type=\"section\">\n\t\t\t\t\t\t<div class=\"elementor-container elementor-column-gap-default\">\n\t\t\t\t\t<div class=\"elementor-column elementor-col-100 elementor-inner-column elementor-element elementor-element-75b24c0\" data-id=\"75b24c0\" data-element_type=\"column\">\n\t\t\t<div class=\"elementor-widget-wrap elementor-element-populated\">\n\t\t\t\t\t\t\t\t<div class=\"elementor-element elementor-element-f6267b5 elementor-widget elementor-widget-text-editor\" data-id=\"f6267b5\" data-element_type=\"widget\" data-widget_type=\"text-editor.default\">\n\t\t\t\t<div class=\"elementor-widget-container\">\n\t\t\t<style>\/*! elementor - v3.6.7 - 03-07-2022 *\/\n.elementor-widget-text-editor.elementor-drop-cap-view-stacked .elementor-drop-cap{background-color:#818a91;color:#fff}.elementor-widget-text-editor.elementor-drop-cap-view-framed .elementor-drop-cap{color:#818a91;border:3px solid;background-color:transparent}.elementor-widget-text-editor:not(.elementor-drop-cap-view-default) .elementor-drop-cap{margin-top:8px}.elementor-widget-text-editor:not(.elementor-drop-cap-view-default) .elementor-drop-cap-letter{width:1em;height:1em}.elementor-widget-text-editor .elementor-drop-cap{float:left;text-align:center;line-height:1;font-size:50px}.elementor-widget-text-editor .elementor-drop-cap-letter{display:inline-block}<\/style>\t\t\t\t<h4>Qui mieux que nos partenaires pour vous pr\u00e9senter Ideas Laboratory ?<\/h4><h4>Retrouvez ici les articles qui parlent de nos initiatives.<\/h4>\t\t\t\t\t\t<\/div>\n\t\t\t\t<\/div>\n\t\t\t\t\t<\/div>\n\t\t<\/div>\n\t\t\t\t\t\t\t<\/div>\n\t\t<\/section>\n\t\t\t\t\t<\/div>\n\t\t<\/div>\n\t\t\t\t\t\t\t<\/div>\n\t\t<\/section>\n\t\t\t\t<section class=\"elementor-section elementor-top-section elementor-element elementor-element-f9b999f elementor-section-boxed elementor-section-height-default elementor-section-height-default\" data-id=\"f9b999f\" data-element_type=\"section\">\n\t\t\t\t\t\t<div class=\"elementor-container elementor-column-gap-default\">\n\t\t\t\t\t<div class=\"elementor-column elementor-col-100 elementor-top-column elementor-element elementor-element-2656e8f\" data-id=\"2656e8f\" data-element_type=\"column\">\n\t\t\t<div class=\"elementor-widget-wrap elementor-element-populated\">\n\t\t\t\t\t\t\t\t<section class=\"elementor-section elementor-inner-section elementor-element elementor-element-a657fef elementor-section-boxed elementor-section-height-default elementor-section-height-default\" data-id=\"a657fef\" data-element_type=\"section\">\n\t\t\t\t\t\t<div class=\"elementor-container elementor-column-gap-default\">\n\t\t\t\t\t<div class=\"elementor-column elementor-col-100 elementor-inner-column elementor-element elementor-element-ca21189\" data-id=\"ca21189\" data-element_type=\"column\">\n\t\t\t<div class=\"elementor-widget-wrap elementor-element-populated\">\n\t\t\t\t\t\t\t\t<div class=\"elementor-element elementor-element-bf7c4e4 elementor-align-left elementor-widget elementor-widget-button\" data-id=\"bf7c4e4\" data-element_type=\"widget\" data-widget_type=\"button.default\">\n\t\t\t\t<div class=\"elementor-widget-container\">\n\t\t\t\t\t<div class=\"elementor-button-wrapper\">\n\t\t\t<a class=\"elementor-button elementor-size-xs\" role=\"button\">\n\t\t\t\t\t\t<span class=\"elementor-button-content-wrapper\">\n\t\t\t\t\t\t<span class=\"elementor-button-text\">Avril 2024<\/span>\n\t\t<\/span>\n\t\t\t\t\t<\/a>\n\t\t<\/div>\n\t\t\t\t<\/div>\n\t\t\t\t<\/div>\n\t\t\t\t<div class=\"elementor-element elementor-element-86a202d elementor-widget elementor-widget-heading\" data-id=\"86a202d\" data-element_type=\"widget\" data-widget_type=\"heading.default\">\n\t\t\t\t<div class=\"elementor-widget-container\">\n\t\t\t<h5 class=\"elementor-heading-title elementor-size-default\">Ideas Laboratory : un partenariat XXL avec le CEA<\/h5>\t\t<\/div>\n\t\t\t\t<\/div>\n\t\t\t\t<div class=\"elementor-element elementor-element-a40e253 elementor-widget elementor-widget-text-editor\" data-id=\"a40e253\" data-element_type=\"widget\" data-widget_type=\"text-editor.default\">\n\t\t\t\t<div class=\"elementor-widget-container\">\n\t\t\t\t\t\t\t<p><strong>Depuis maintenant 4 ans, le CIH explore le futur, en participant au hub \u00ab\u00a0Ideas Laboratory\u00a0\u00bb du CEA. En 2023, gr\u00e2ce \u00e0 l\u2019implication et la t\u00e9nacit\u00e9 de l\u2019Open Innovation, le partenariat franchit un pas de g\u00e9ant\u00a0: le Groupe EDF int\u00e8gre d\u00e9sormais la gouvernance du hub, impliquant ainsi bon nombre d\u2019unit\u00e9s aux c\u00f4t\u00e9s du CIH\u00a0: DIPP, Direction D\u00e9veloppement, FC EDF Hydro, Eifer, R&amp;D et DTG.<\/strong><\/p><p><a href=\"https:\/\/ideaslaboratory.y-spot.fr\/wp-content\/uploads\/2024\/04\/ideas-laboratory_un-partenariat-xxl-avec-le-cea_edf.pdf\" target=\"_blank\" rel=\"noopener\">T\u00e9l\u00e9charger l&rsquo;article<\/a><\/p>\t\t\t\t\t\t<\/div>\n\t\t\t\t<\/div>\n\t\t\t\t\t<\/div>\n\t\t<\/div>\n\t\t\t\t\t\t\t<\/div>\n\t\t<\/section>\n\t\t\t\t\t<\/div>\n\t\t<\/div>\n\t\t\t\t\t\t\t<\/div>\n\t\t<\/section>\n\t\t\t\t<section class=\"elementor-section elementor-top-section elementor-element elementor-element-0fa3435 elementor-section-boxed elementor-section-height-default elementor-section-height-default\" data-id=\"0fa3435\" data-element_type=\"section\">\n\t\t\t\t\t\t<div class=\"elementor-container elementor-column-gap-default\">\n\t\t\t\t\t<div class=\"elementor-column elementor-col-100 elementor-top-column elementor-element elementor-element-e6b2fb4\" data-id=\"e6b2fb4\" data-element_type=\"column\">\n\t\t\t<div class=\"elementor-widget-wrap elementor-element-populated\">\n\t\t\t\t\t\t\t\t<div class=\"elementor-element elementor-element-eca168b elementor-widget elementor-widget-spacer\" data-id=\"eca168b\" data-element_type=\"widget\" data-widget_type=\"spacer.default\">\n\t\t\t\t<div class=\"elementor-widget-container\">\n\t\t\t\t\t<div class=\"elementor-spacer\">\n\t\t\t<div class=\"elementor-spacer-inner\"><\/div>\n\t\t<\/div>\n\t\t\t\t<\/div>\n\t\t\t\t<\/div>\n\t\t\t\t\t<\/div>\n\t\t<\/div>\n\t\t\t\t\t\t\t<\/div>\n\t\t<\/section>\n\t\t\t\t\t\t\t<\/div>\n\t\t","protected":false},"excerpt":{"rendered":"<p>ON PARLE DE NOUS Qui mieux que nos partenaires pour vous pr\u00e9senter Ideas Laboratory ? Retrouvez ici les articles qui parlent de nos initiatives. Avril 2024 Ideas Laboratory : un partenariat XXL avec le CEA Depuis maintenant 4 ans, le CIH explore le futur, en participant au hub \u00ab\u00a0Ideas Laboratory\u00a0\u00bb du CEA. En 2023, gr\u00e2ce [&hellip;]<\/p>\n","protected":false},"author":5,"featured_media":0,"parent":0,"menu_order":0,"comment_status":"closed","ping_status":"closed","template":"","meta":{"footnotes":""},"class_list":["post-2185","page","type-page","status-publish","hentry"],"yoast_head":"<!-- This site is optimized with the Yoast SEO plugin v19.9 - https:\/\/yoast.com\/wordpress\/plugins\/seo\/ -->\n<title>On parle de nous - Ideas Laboratory<\/title>\n<meta name=\"robots\" content=\"index, follow, max-snippet:-1, max-image-preview:large, max-video-preview:-1\" \/>\n<link rel=\"canonical\" href=\"https:\/\/ideaslaboratory.y-spot.fr\/?page_id=2185\" \/>\n<meta property=\"og:locale\" content=\"fr_FR\" \/>\n<meta property=\"og:type\" content=\"article\" \/>\n<meta property=\"og:title\" content=\"On parle de nous - Ideas Laboratory\" \/>\n<meta property=\"og:description\" content=\"ON PARLE DE NOUS Qui mieux que nos partenaires pour vous pr\u00e9senter Ideas Laboratory ? Retrouvez ici les articles qui parlent de nos initiatives. Avril 2024 Ideas Laboratory : un partenariat XXL avec le CEA Depuis maintenant 4 ans, le CIH explore le futur, en participant au hub \u00ab\u00a0Ideas Laboratory\u00a0\u00bb du CEA. En 2023, gr\u00e2ce [&hellip;]\" \/>\n<meta property=\"og:url\" content=\"https:\/\/ideaslaboratory.y-spot.fr\/?page_id=2185\" \/>\n<meta property=\"og:site_name\" content=\"Ideas Laboratory\" \/>\n<meta property=\"article:publisher\" content=\"https:\/\/www.facebook.com\/ideaslaboratorygrenoble\/\" \/>\n<meta property=\"article:modified_time\" content=\"2024-05-28T13:29:35+00:00\" \/>\n<meta name=\"twitter:card\" content=\"summary_large_image\" \/>\n<meta name=\"twitter:label1\" content=\"Dur\u00e9e de lecture estim\u00e9e\" \/>\n\t<meta name=\"twitter:data1\" content=\"1 minute\" \/>\n<script type=\"application\/ld+json\" class=\"yoast-schema-graph\">{\"@context\":\"https:\/\/schema.org\",\"@graph\":[{\"@type\":\"WebPage\",\"@id\":\"https:\/\/ideaslaboratory.y-spot.fr\/?page_id=2185\",\"url\":\"https:\/\/ideaslaboratory.y-spot.fr\/?page_id=2185\",\"name\":\"On parle de nous - Ideas Laboratory\",\"isPartOf\":{\"@id\":\"https:\/\/ideaslaboratory.y-spot.fr\/#website\"},\"datePublished\":\"2024-04-25T08:33:50+00:00\",\"dateModified\":\"2024-05-28T13:29:35+00:00\",\"breadcrumb\":{\"@id\":\"https:\/\/ideaslaboratory.y-spot.fr\/?page_id=2185#breadcrumb\"},\"inLanguage\":\"fr-FR\",\"potentialAction\":[{\"@type\":\"ReadAction\",\"target\":[\"https:\/\/ideaslaboratory.y-spot.fr\/?page_id=2185\"]}]},{\"@type\":\"BreadcrumbList\",\"@id\":\"https:\/\/ideaslaboratory.y-spot.fr\/?page_id=2185#breadcrumb\",\"itemListElement\":[{\"@type\":\"ListItem\",\"position\":1,\"name\":\"Accueil\",\"item\":\"https:\/\/ideaslaboratory.y-spot.fr\/\"},{\"@type\":\"ListItem\",\"position\":2,\"name\":\"On parle de nous\"}]},{\"@type\":\"WebSite\",\"@id\":\"https:\/\/ideaslaboratory.y-spot.fr\/#website\",\"url\":\"https:\/\/ideaslaboratory.y-spot.fr\/\",\"name\":\"Ideas Laboratory\",\"description\":\"Exp\u00e9rimentons notre futur\",\"publisher\":{\"@id\":\"https:\/\/ideaslaboratory.y-spot.fr\/#organization\"},\"potentialAction\":[{\"@type\":\"SearchAction\",\"target\":{\"@type\":\"EntryPoint\",\"urlTemplate\":\"https:\/\/ideaslaboratory.y-spot.fr\/?s={search_term_string}\"},\"query-input\":\"required name=search_term_string\"}],\"inLanguage\":\"fr-FR\"},{\"@type\":\"Organization\",\"@id\":\"https:\/\/ideaslaboratory.y-spot.fr\/#organization\",\"name\":\"Ideas Laboratory\",\"url\":\"https:\/\/ideaslaboratory.y-spot.fr\/\",\"logo\":{\"@type\":\"ImageObject\",\"inLanguage\":\"fr-FR\",\"@id\":\"https:\/\/ideaslaboratory.y-spot.fr\/#\/schema\/logo\/image\/\",\"url\":\"https:\/\/ideaslaboratory.y-spot.fr\/wp-content\/uploads\/2022\/07\/Copie-de-logo-ideas-lab.png\",\"contentUrl\":\"https:\/\/ideaslaboratory.y-spot.fr\/wp-content\/uploads\/2022\/07\/Copie-de-logo-ideas-lab.png\",\"width\":1610,\"height\":996,\"caption\":\"Ideas Laboratory\"},\"image\":{\"@id\":\"https:\/\/ideaslaboratory.y-spot.fr\/#\/schema\/logo\/image\/\"},\"sameAs\":[\"https:\/\/www.linkedin.com\/company\/ideaslaboratory\/\",\"https:\/\/www.facebook.com\/ideaslaboratorygrenoble\/\"]}]}<\/script>\n<!-- \/ Yoast SEO plugin. -->","yoast_head_json":{"title":"On parle de nous - Ideas Laboratory","robots":{"index":"index","follow":"follow","max-snippet":"max-snippet:-1","max-image-preview":"max-image-preview:large","max-video-preview":"max-video-preview:-1"},"canonical":"https:\/\/ideaslaboratory.y-spot.fr\/?page_id=2185","og_locale":"fr_FR","og_type":"article","og_title":"On parle de nous - Ideas Laboratory","og_description":"ON PARLE DE NOUS Qui mieux que nos partenaires pour vous pr\u00e9senter Ideas Laboratory ? Retrouvez ici les articles qui parlent de nos initiatives. Avril 2024 Ideas Laboratory : un partenariat XXL avec le CEA Depuis maintenant 4 ans, le CIH explore le futur, en participant au hub \u00ab\u00a0Ideas Laboratory\u00a0\u00bb du CEA. En 2023, gr\u00e2ce [&hellip;]","og_url":"https:\/\/ideaslaboratory.y-spot.fr\/?page_id=2185","og_site_name":"Ideas Laboratory","article_publisher":"https:\/\/www.facebook.com\/ideaslaboratorygrenoble\/","article_modified_time":"2024-05-28T13:29:35+00:00","twitter_card":"summary_large_image","twitter_misc":{"Dur\u00e9e de lecture estim\u00e9e":"1 minute"},"schema":{"@context":"https:\/\/schema.org","@graph":[{"@type":"WebPage","@id":"https:\/\/ideaslaboratory.y-spot.fr\/?page_id=2185","url":"https:\/\/ideaslaboratory.y-spot.fr\/?page_id=2185","name":"On parle de nous - Ideas Laboratory","isPartOf":{"@id":"https:\/\/ideaslaboratory.y-spot.fr\/#website"},"datePublished":"2024-04-25T08:33:50+00:00","dateModified":"2024-05-28T13:29:35+00:00","breadcrumb":{"@id":"https:\/\/ideaslaboratory.y-spot.fr\/?page_id=2185#breadcrumb"},"inLanguage":"fr-FR","potentialAction":[{"@type":"ReadAction","target":["https:\/\/ideaslaboratory.y-spot.fr\/?page_id=2185"]}]},{"@type":"BreadcrumbList","@id":"https:\/\/ideaslaboratory.y-spot.fr\/?page_id=2185#breadcrumb","itemListElement":[{"@type":"ListItem","position":1,"name":"Accueil","item":"https:\/\/ideaslaboratory.y-spot.fr\/"},{"@type":"ListItem","position":2,"name":"On parle de nous"}]},{"@type":"WebSite","@id":"https:\/\/ideaslaboratory.y-spot.fr\/#website","url":"https:\/\/ideaslaboratory.y-spot.fr\/","name":"Ideas Laboratory","description":"Exp\u00e9rimentons notre futur","publisher":{"@id":"https:\/\/ideaslaboratory.y-spot.fr\/#organization"},"potentialAction":[{"@type":"SearchAction","target":{"@type":"EntryPoint","urlTemplate":"https:\/\/ideaslaboratory.y-spot.fr\/?s={search_term_string}"},"query-input":"required name=search_term_string"}],"inLanguage":"fr-FR"},{"@type":"Organization","@id":"https:\/\/ideaslaboratory.y-spot.fr\/#organization","name":"Ideas Laboratory","url":"https:\/\/ideaslaboratory.y-spot.fr\/","logo":{"@type":"ImageObject","inLanguage":"fr-FR","@id":"https:\/\/ideaslaboratory.y-spot.fr\/#\/schema\/logo\/image\/","url":"https:\/\/ideaslaboratory.y-spot.fr\/wp-content\/uploads\/2022\/07\/Copie-de-logo-ideas-lab.png","contentUrl":"https:\/\/ideaslaboratory.y-spot.fr\/wp-content\/uploads\/2022\/07\/Copie-de-logo-ideas-lab.png","width":1610,"height":996,"caption":"Ideas Laboratory"},"image":{"@id":"https:\/\/ideaslaboratory.y-spot.fr\/#\/schema\/logo\/image\/"},"sameAs":["https:\/\/www.linkedin.com\/company\/ideaslaboratory\/","https:\/\/www.facebook.com\/ideaslaboratorygrenoble\/"]}]}},"_links":{"self":[{"href":"https:\/\/ideaslaboratory.y-spot.fr\/index.php?rest_route=\/wp\/v2\/pages\/2185","targetHints":{"allow":["GET"]}}],"collection":[{"href":"https:\/\/ideaslaboratory.y-spot.fr\/index.php?rest_route=\/wp\/v2\/pages"}],"about":[{"href":"https:\/\/ideaslaboratory.y-spot.fr\/index.php?rest_route=\/wp\/v2\/types\/page"}],"author":[{"embeddable":true,"href":"https:\/\/ideaslaboratory.y-spot.fr\/index.php?rest_route=\/wp\/v2\/users\/5"}],"replies":[{"embeddable":true,"href":"https:\/\/ideaslaboratory.y-spot.fr\/index.php?rest_route=%2Fwp%2Fv2%2Fcomments&post=2185"}],"version-history":[{"count":17,"href":"https:\/\/ideaslaboratory.y-spot.fr\/index.php?rest_route=\/wp\/v2\/pages\/2185\/revisions"}],"predecessor-version":[{"id":2240,"href":"https:\/\/ideaslaboratory.y-spot.fr\/index.php?rest_route=\/wp\/v2\/pages\/2185\/revisions\/2240"}],"wp:attachment":[{"href":"https:\/\/ideaslaboratory.y-spot.fr\/index.php?rest_route=%2Fwp%2Fv2%2Fmedia&parent=2185"}],"curies":[{"name":"wp","href":"https:\/\/api.w.org\/{rel}","templated":true}]}}